{"id":21,"date":"2020-05-12T13:57:42","date_gmt":"2020-05-12T13:57:42","guid":{"rendered":"http:\/\/automationbb.com.ar\/wordpress\/?page_id=21"},"modified":"2020-05-14T08:36:32","modified_gmt":"2020-05-14T11:36:32","slug":"servicio","status":"publish","type":"page","link":"https:\/\/automationbb.com.ar\/wordpress\/index.php\/servicio\/","title":{"rendered":"CONOZCA NUESTROS SERVICIOS"},"content":{"rendered":"\n<div class=\"wp-block-group\"><div class=\"wp-block-group__inner-container\">\n<figure class=\"wp-block-gallery columns-1 is-cropped\"><ul class=\"blocks-gallery-grid\"><li class=\"blocks-gallery-item\"><figure><img loading=\"lazy\" width=\"391\" height=\"129\" src=\"https:\/\/automationbb.com.ar\/wordpress\/wp-content\/uploads\/2020\/05\/Servicios.jpg\" alt=\"\" data-id=\"191\" data-full-url=\"https:\/\/automationbb.com.ar\/wordpress\/wp-content\/uploads\/2020\/05\/Servicios.jpg\" data-link=\"https:\/\/automationbb.com.ar\/wordpress\/index.php\/servicio\/servicios-2\/#main\" class=\"wp-image-191\" srcset=\"https:\/\/automationbb.com.ar\/wordpress\/wp-content\/uploads\/2020\/05\/Servicios.jpg 391w, https:\/\/automationbb.com.ar\/wordpress\/wp-content\/uploads\/2020\/05\/Servicios-300x99.jpg 300w\" sizes=\"(max-width: 391px) 100vw, 391px\" \/><\/figure><\/li><\/ul><\/figure>\n<\/div><\/div>\n\n\n\n<p class=\"has-medium-font-size\">Brindamos soluciones y servicios en las siguientes \u00e1reas:<\/p>\n\n\n\n<div class=\"wp-block-columns\">\n<div class=\"wp-block-column\">\n<h3 class=\"has-text-align-left\">AUTOMATIZACI\u00d3N INDUSTRIAL<\/h3>\n\n\n\n<p>PLC\u2019s, HMI\u2019s, SCADA\u2019s, DCS\u2019s, etc.<\/p>\n<\/div>\n\n\n\n<div class=\"wp-block-column\">\n<h3>INSTRUMENTACI\u00d3N Y CONTROL AUTOM\u00c1TICO DE PROCESOS<\/h3>\n\n\n\n<p>Sensores, actuadores, controladores, registradores, etc.<\/p>\n<\/div>\n\n\n\n<div class=\"wp-block-column\">\n<h3>INGENIER\u00cdA EL\u00c9CTRICA &#8211; BAJA Y MEDIA TENSI\u00d3N<\/h3>\n\n\n\n<p>Protecciones electr\u00f3nicas, Instalaciones El\u00e9ctricas, Tableros el\u00e9ctricos, Correcci\u00f3n del Factor de Potencia, Mantenimientos, etc.<\/p>\n<\/div>\n<\/div>\n\n\n\n<div class=\"wp-block-columns\">\n<div class=\"wp-block-column\">\n<h3>BUILDING AUTOMATION &amp; MANAGEMENT<\/h3>\n\n\n\n<p>BMS, Cableado estructurado, Control de Accesos, Incendio, Iluminaci\u00f3n, Alarmas, etc.<\/p>\n<\/div>\n\n\n\n<div class=\"wp-block-column\">\n<h3>DESARROLLO DE HARDWARE<\/h3>\n\n\n\n<p>Dise\u00f1o y Construcci\u00f3n de Equipos Electr\u00f3nicos para aplicaciones Espec\u00edficas que no se puedan satisfacer con productos standard.<\/p>\n<\/div>\n\n\n\n<div class=\"wp-block-column\">\n<h3>CURSOS DE CAPACITACION<\/h3>\n\n\n\n<p>Cursos de Capacitaci\u00f3n para el Personal de Operaciones y para el Personal de&nbsp;Mantenimiento.<\/p>\n<\/div>\n<\/div>\n\n\n\n<p><\/p>\n","protected":false},"excerpt":{"rendered":"<p>Brindamos soluciones y servicios en las siguientes \u00e1reas: AUTOMATIZACI\u00d3N INDUSTRIAL PLC\u2019s, HMI\u2019s, SCADA\u2019s, DCS\u2019s, etc. INSTRUMENTACI\u00d3N Y CONTROL AUTOM\u00c1TICO DE PROCESOS Sensores, actuadores, controladores, registradores, etc. INGENIER\u00cdA EL\u00c9CTRICA &#8211; BAJA Y MEDIA TENSI\u00d3N Protecciones electr\u00f3nicas, Instalaciones El\u00e9ctricas, Tableros el\u00e9ctricos, Correcci\u00f3n del Factor de Potencia, Mantenimientos, etc. BUILDING AUTOMATION &amp; MANAGEMENT BMS, Cableado estructurado, Control de [&hellip;]<\/p>\n","protected":false},"author":1,"featured_media":0,"parent":0,"menu_order":2,"comment_status":"closed","ping_status":"closed","template":"","meta":[],"_links":{"self":[{"href":"https:\/\/automationbb.com.ar\/wordpress\/index.php\/wp-json\/wp\/v2\/pages\/21"}],"collection":[{"href":"https:\/\/automationbb.com.ar\/wordpress\/index.php\/wp-json\/wp\/v2\/pages"}],"about":[{"href":"https:\/\/automationbb.com.ar\/wordpress\/index.php\/wp-json\/wp\/v2\/types\/page"}],"author":[{"embeddable":true,"href":"https:\/\/automationbb.com.ar\/wordpress\/index.php\/wp-json\/wp\/v2\/users\/1"}],"replies":[{"embeddable":true,"href":"https:\/\/automationbb.com.ar\/wordpress\/index.php\/wp-json\/wp\/v2\/comments?post=21"}],"version-history":[{"count":8,"href":"https:\/\/automationbb.com.ar\/wordpress\/index.php\/wp-json\/wp\/v2\/pages\/21\/revisions"}],"predecessor-version":[{"id":192,"href":"https:\/\/automationbb.com.ar\/wordpress\/index.php\/wp-json\/wp\/v2\/pages\/21\/revisions\/192"}],"wp:attachment":[{"href":"https:\/\/automationbb.com.ar\/wordpress\/index.php\/wp-json\/wp\/v2\/media?parent=21"}],"curies":[{"name":"wp","href":"https:\/\/api.w.org\/{rel}","templated":true}]}}