{"id":78,"date":"2020-05-13T19:01:33","date_gmt":"2020-05-13T19:01:33","guid":{"rendered":"http:\/\/automationbb.com.ar\/wordpress\/?page_id=78"},"modified":"2020-05-14T10:11:02","modified_gmt":"2020-05-14T13:11:02","slug":"la-empresa","status":"publish","type":"page","link":"https:\/\/automationbb.com.ar\/wordpress\/index.php\/la-empresa\/","title":{"rendered":"ACERCA DE AUTOMATION BUSINESS BUREAU SRL"},"content":{"rendered":"\n<p>Es una empresa de las denominadas com\u00fanmente \u201cintegradores de sistemas\u201d, fundada en 1998, y operando desde entonces en los \u00e1mbitos de la Automatizaci\u00f3n Industrial, la Instrumentaci\u00f3n y Control de Procesos, la Ingenier\u00eda El\u00e9ctrica, y los sistemas de Building Automation &amp; Management.&nbsp;<br>En la pr\u00e1ctica, comercializamos y\/o instalamos equipos e instrumentos de marcas primarias; as\u00ed como brindamos servicios y desarrollos de ingenier\u00eda sobre productos de la mayor\u00eda de las marcas de plaza, en las \u00e1reas arriba mencionadas.&nbsp;<br>En particular, en 1998 fuimos designados V.A.R. (Value Added Re-sallers) de ABB.&nbsp;<br>Estamos en condiciones de brindar soluciones que abarcan desde el s\u00f3lo suministro de productos o s\u00f3lo servicios de ingenier\u00eda, a aplicaciones completas \u201cllave en mano\u201d, para edificios e industrias.<\/p>\n\n\n\n<figure class=\"wp-block-image size-large\"><img loading=\"lazy\" width=\"506\" height=\"336\" src=\"https:\/\/automationbb.com.ar\/wordpress\/wp-content\/uploads\/2020\/05\/Omicron.png\" alt=\"\" class=\"wp-image-79\" srcset=\"https:\/\/automationbb.com.ar\/wordpress\/wp-content\/uploads\/2020\/05\/Omicron.png 506w, https:\/\/automationbb.com.ar\/wordpress\/wp-content\/uploads\/2020\/05\/Omicron-300x199.png 300w, https:\/\/automationbb.com.ar\/wordpress\/wp-content\/uploads\/2020\/05\/Omicron-272x182.png 272w\" sizes=\"(max-width: 506px) 100vw, 506px\" \/><\/figure>\n","protected":false},"excerpt":{"rendered":"<p>Es una empresa de las denominadas com\u00fanmente \u201cintegradores de sistemas\u201d, fundada en 1998, y operando desde entonces en los \u00e1mbitos de la Automatizaci\u00f3n Industrial, la Instrumentaci\u00f3n y Control de Procesos, la Ingenier\u00eda El\u00e9ctrica, y los sistemas de Building Automation &amp; Management.&nbsp;En la pr\u00e1ctica, comercializamos y\/o instalamos equipos e instrumentos de marcas primarias; as\u00ed como brindamos [&hellip;]<\/p>\n","protected":false},"author":1,"featured_media":0,"parent":0,"menu_order":1,"comment_status":"closed","ping_status":"closed","template":"","meta":[],"_links":{"self":[{"href":"https:\/\/automationbb.com.ar\/wordpress\/index.php\/wp-json\/wp\/v2\/pages\/78"}],"collection":[{"href":"https:\/\/automationbb.com.ar\/wordpress\/index.php\/wp-json\/wp\/v2\/pages"}],"about":[{"href":"https:\/\/automationbb.com.ar\/wordpress\/index.php\/wp-json\/wp\/v2\/types\/page"}],"author":[{"embeddable":true,"href":"https:\/\/automationbb.com.ar\/wordpress\/index.php\/wp-json\/wp\/v2\/users\/1"}],"replies":[{"embeddable":true,"href":"https:\/\/automationbb.com.ar\/wordpress\/index.php\/wp-json\/wp\/v2\/comments?post=78"}],"version-history":[{"count":6,"href":"https:\/\/automationbb.com.ar\/wordpress\/index.php\/wp-json\/wp\/v2\/pages\/78\/revisions"}],"predecessor-version":[{"id":230,"href":"https:\/\/automationbb.com.ar\/wordpress\/index.php\/wp-json\/wp\/v2\/pages\/78\/revisions\/230"}],"wp:attachment":[{"href":"https:\/\/automationbb.com.ar\/wordpress\/index.php\/wp-json\/wp\/v2\/media?parent=78"}],"curies":[{"name":"wp","href":"https:\/\/api.w.org\/{rel}","templated":true}]}}