{"id":84,"date":"2020-05-13T19:29:03","date_gmt":"2020-05-13T19:29:03","guid":{"rendered":"http:\/\/automationbb.com.ar\/wordpress\/?page_id=84"},"modified":"2020-05-14T10:20:12","modified_gmt":"2020-05-14T13:20:12","slug":"productos","status":"publish","type":"page","link":"https:\/\/automationbb.com.ar\/wordpress\/index.php\/productos\/","title":{"rendered":""},"content":{"rendered":"\n<h3>BRINDAMOS ASESORAMIENTO Y VENTA DE DIVERSOS PRODUCTOS:<\/h3>\n\n\n\n<div class=\"wp-block-cover has-very-light-gray-background-color\"><video class=\"wp-block-cover__video-background\" autoplay muted loop src=\"https:\/\/automationbb.com.ar\/wordpress\/wp-content\/uploads\/2020\/05\/Productos-4-2.mp4\"><\/video><div class=\"wp-block-cover__inner-container\">\n<p class=\"has-text-align-center has-large-font-size\"><\/p>\n<\/div><\/div>\n\n\n\n<h3>\u00c1rea Automatizaci\u00f3n Industrial<br>\u00c1rea Instrumentaci\u00f3n y Control de Procesos<br>Instrumentaci\u00f3n de Panel y Sala de Control<br>Area Equipamiento El\u00e9ctrico<br>Interruptores para distribuci\u00f3n terciaria<br>Equipamiento para instalaci\u00f3n en Edificios<br>Interruptores para Distribuci\u00f3n Industrial de Potencia<br>Fusibles y Seccionadores bajo carga con y sin portafusibles<br>Equipos de Maniobra y Control de Circuitos de Potencia<br>Equipos Electr\u00f3nicos para maniobra y Control de Circuitos de Potencia<br>Se\u00f1alizaci\u00f3n y Comando<br>Protecciones<br>Mult\u00edmetros de Energ\u00eda<br>Transductores de variables el\u00e9ctricas<br>Rel\u00e9s electr\u00f3nicos de estado s\u00f3lido<br>Compensaci\u00f3n del Factor de Potencia<br>Tableros de B.T.<br>\u00c1rea Building Automation &amp; Management<\/h3>\n\n\n\n<p><\/p>\n","protected":false},"excerpt":{"rendered":"<p>BRINDAMOS ASESORAMIENTO Y VENTA DE DIVERSOS PRODUCTOS: \u00c1rea Automatizaci\u00f3n Industrial\u00c1rea Instrumentaci\u00f3n y Control de ProcesosInstrumentaci\u00f3n de Panel y Sala de ControlArea Equipamiento El\u00e9ctricoInterruptores para distribuci\u00f3n terciariaEquipamiento para instalaci\u00f3n en EdificiosInterruptores para Distribuci\u00f3n Industrial de PotenciaFusibles y Seccionadores bajo carga con y sin portafusiblesEquipos de Maniobra y Control de Circuitos de PotenciaEquipos Electr\u00f3nicos para maniobra y [&hellip;]<\/p>\n","protected":false},"author":1,"featured_media":0,"parent":0,"menu_order":0,"comment_status":"closed","ping_status":"closed","template":"templates\/template-full-notitle.php","meta":[],"_links":{"self":[{"href":"https:\/\/automationbb.com.ar\/wordpress\/index.php\/wp-json\/wp\/v2\/pages\/84"}],"collection":[{"href":"https:\/\/automationbb.com.ar\/wordpress\/index.php\/wp-json\/wp\/v2\/pages"}],"about":[{"href":"https:\/\/automationbb.com.ar\/wordpress\/index.php\/wp-json\/wp\/v2\/types\/page"}],"author":[{"embeddable":true,"href":"https:\/\/automationbb.com.ar\/wordpress\/index.php\/wp-json\/wp\/v2\/users\/1"}],"replies":[{"embeddable":true,"href":"https:\/\/automationbb.com.ar\/wordpress\/index.php\/wp-json\/wp\/v2\/comments?post=84"}],"version-history":[{"count":12,"href":"https:\/\/automationbb.com.ar\/wordpress\/index.php\/wp-json\/wp\/v2\/pages\/84\/revisions"}],"predecessor-version":[{"id":233,"href":"https:\/\/automationbb.com.ar\/wordpress\/index.php\/wp-json\/wp\/v2\/pages\/84\/revisions\/233"}],"wp:attachment":[{"href":"https:\/\/automationbb.com.ar\/wordpress\/index.php\/wp-json\/wp\/v2\/media?parent=84"}],"curies":[{"name":"wp","href":"https:\/\/api.w.org\/{rel}","templated":true}]}}