{"id":89,"date":"2020-05-13T19:33:07","date_gmt":"2020-05-13T19:33:07","guid":{"rendered":"http:\/\/automationbb.com.ar\/wordpress\/?page_id=89"},"modified":"2020-05-14T08:40:55","modified_gmt":"2020-05-14T11:40:55","slug":"algunos-trabajos-realizados-por-automation-business-bureau","status":"publish","type":"page","link":"https:\/\/automationbb.com.ar\/wordpress\/index.php\/algunos-trabajos-realizados-por-automation-business-bureau\/","title":{"rendered":"ALGUNOS TRABAJOS REALIZADOS POR AUTOMATION BUSINESS BUREAU:"},"content":{"rendered":"\n<p>ABB S.A. (Valent\u00edn Alsina \u2013 Pcia. de Bs. As.)<br>Trabajos varios: programaciones de PLC\u2019s, SCADAS, DCS\u2019s, Protecciones Electr\u00f3nicas, etc.<br>Adecuaci\u00f3n de puestas a tierra de la planta, mediciones de puestas a tierra, estudios de calidad<br>el\u00e9ctrica.<br>ACEROS BRAGADO S.A. (Bragado &#8211; Pcia. de Bs. As.)<br>Sistema de Control Bancos Autom\u00e1ticos de Capacitores Media Tensi\u00f3n y Filtros Media Tensi\u00f3n.<br>ACINDAR (ARGENTINA)<br>Sistema Protecciones electr\u00f3nicas Tableros de Baja Tensi\u00f3n y Media Tensi\u00f3n.<br>AKZO NOBEL (ALBA) (PTA. GAR\u00cdN \u2013 PCIA. Bs. As.)<br>Sistema de control y registro temperaturas.<br>ALTO PARAN\u00c1 S.A. \u2013 ARAUCO (MISIONES &#8211; ARGENTINA)<br>Sistema Protecciones electr\u00f3nicas Tableros de Baja Tensi\u00f3n y Media Tensi\u00f3n.<br>ALUAR S.A. (PTO. MADRYN)<br>Sistemas de transferencia autom\u00e1tica Tableros Baja Tensi\u00f3n (Cabinas El\u00e9ctricas CE06, CE08, CE 100,<br>CE CENTRAL T\u00c9RMICA, etc.)<br>ALUSUD-ALCOA (Pcia. Bs. As.)<br>Provisi\u00f3n, montaje, instalaci\u00f3n y mantenimiento de Sistemas de correcci\u00f3n factor de potencia.<br>ALVEAR PALACE HOTEL \u2013 ALVEAR (C.A.B.A.)<br>Sistema de Control y Supervisi\u00f3n Sistema Termomec\u00e1nico.<br>ALVEAR PALACE HOTEL \u2013 ALVEAR (C.A.B.A.)<br>Sistema de Automatizaci\u00f3n y Supervisi\u00f3n (SCADA) Fan-coils y Control Temperatura Salones.<br>ALVEAR PALACE HOTEL \u2013 ALVEAR (C.A.B.A.)<br>Provisi\u00f3n, instalaci\u00f3n y montaje tableros Baja Tensi\u00f3n y Media Tensi\u00f3n.<br>ALVEAR PALACE HOTEL \u2013 ALVEAR (C.A.B.A.)<br>Sistema de Control Transferencia Autom\u00e1tica Tableros Baja Tensi\u00f3n.<br>ALVEAR PALACE HOTEL \u2013 ICON (C.A.B.A.)<br>Desarrollo Proyecto e Ingenier\u00eda Sistemas de Corrientes D\u00e9biles \u2013 D\u00f3motica \u2013 Building Automation<br>Edificio ICON Hotel &amp; Residence Alvear Puerto Madero (Cableado estructurado, Sistemas de<br>Iluminaci\u00f3n, Detecci\u00f3n de incendio, Alarmas, Building Management System, Telefon\u00eda celular, Internet<br>Wi-Fi, etc.). Desarrollo proyectos, confecci\u00f3n pliegos licitatorios, homologaci\u00f3n ofertas, seguimiento<br>contratistas, supervisi\u00f3n puesta en servicio.<br>ALVEAR PALACE HOTEL \u2013 TOWER (C.A.B.A.)<br>Control de los Proyectos e Ingenier\u00eda Sistemas de Corrientes D\u00e9biles \u2013 D\u00f3motica \u2013 Building Automation<br>Edificio TOWER Hotel &amp; Residence Alvear Puerto Madero.<br>ANCAP (MONTEVIDEO &#8211; URUGUAY)<br>Sistema Protecciones electr\u00f3nicas Tableros de Baja Tensi\u00f3n y Media Tensi\u00f3n.<br>BANCO COMAFI (C.A.B.A.)<br>Provisi\u00f3n e instalaci\u00f3n variador velocidad HVAC.<br>CARBOCLORO (BRASIL)<br>Sistema Protecciones electr\u00f3nicas Tableros de Baja Tensi\u00f3n y Media Tensi\u00f3n.<br>Sistema de transferencias autom\u00e1ticas.<br>CENTRAL COSTANERA (CHILE)<br>Sistema Protecciones electr\u00f3nicas Tableros de Baja Tensi\u00f3n y Media Tensi\u00f3n.<br>CENTRAL PUERTO (BUENOS AIRES &#8211; ARGENTINA)<br>Provisi\u00f3n ingenier\u00eda Sistema de Control BMS Caldera de 16 quemadores, realizado con ABB Plant<br>Guard (sistema de triple redundancia).<br>CENTRAL HIDROEL\u00c9CTRICA PICHI PIC\u00daN LEUF\u00da (P. P. LEUF\u00da \u2013 PCIA. DEL NEUQU\u00c9N)<br>Sistema de control niveles pozos de bombeo.<br>CER\u00c1MICA CORTINES (PCIA. DE BUENOS AIRES)<br>Sistema de transferencia autom\u00e1tica Tableros Baja Tensi\u00f3n.<br>DIA (CARREFOUR) \u2013 CD BURZACO \u2013 (BURZACO \u2013 PCIA. DE BUENOS AIRES)<br>Provisi\u00f3n e instalaci\u00f3n Sistema de Transferencia Autom\u00e1tica Red-Grupo<br>DIA (CARREFOUR) \u2013 CENTRO NACIONAL (CAPITAL FEDERAL)<br>Mantenimiento sistema El\u00e9ctrico<br>DIVEO-ERICSSON (CAPITAL FEDERAL)<br>Sistema de enclavamientos Transferencias M\u00faltiples Tableros de Baja Tensi\u00f3n<br>DORKING S.A. (PCIA. DE BS. AS.)<br>Sistema control m\u00e1quina cementadora clavos.<br>DOW CHEMICAL (BRASIL)<br>Sistema de transferencia autom\u00e1tica Tableros Baja Tensi\u00f3n.<br>EPE (EMPRESA PROVINCIAL DE ENERG\u00cdA) (SANTA F\u00c9 &#8211; ARGENTINA)<br>Sistema Protecciones electr\u00f3nicas Tableros de Baja Tensi\u00f3n y Media Tensi\u00f3n (Planta San Mart\u00edn).<br>ESSO \u2013 (CAMPANA \u2013 PCIA. DE BUENOS AIRES)<br>Sistema Protecciones electr\u00f3nicas Tableros de Baja Tensi\u00f3n y Media Tensi\u00f3n.<br>FIRESTONE (LLAVALLOL &#8211; PCIA. DE BUENOS AIRES)<br>Automatismos y sistemas de supervisi\u00f3n.<br>GADOR S.A. \u2013 DIVISI\u00d3N FARMOQU\u00cdMICA \u2013 PARQUE IND. PILAR (PCIA. DE BS. AS.)<br>Sistema de Control Autom\u00e1tico de cloraci\u00f3n de agua de planta.<br>GADOR S.A. \u2013 DIVISI\u00d3N FARMOQU\u00cdMICA \u2013 PARQUE IND. PILAR (PCIA. DE BS. AS.)<br>Sistema de Control Aire Acondicionado est\u00e9ril.<br>GADOR S.A. \u2013 DIVISI\u00d3N FARMOQU\u00cdMICA \u2013 PARQUE IND. PILAR (PCIA. DE BS. AS.)<br>Provisi\u00f3n, montaje e instalaci\u00f3n Sistema de Control de Reactores.<br>GADOR S.A. \u2013 DIVISI\u00d3N FARMOQU\u00cdMICA \u2013 PARQUE IND. PILAR (PCIA. DE BS. AS.)<br>Sistema de Registro autom\u00e1tico de Temperatura de Reactores.<br>GADOR S.A. \u2013 DIVISI\u00d3N FARMOQU\u00cdMICA \u2013 PARQUE IND. PILAR (PCIA. DE BS. AS.)<br>Control de velocidad agitador rector.<br>GADOR S.A. \u2013 DIVISI\u00d3N FARMOQU\u00cdMICA \u2013 PARQUE IND. PILAR (PCIA. DE BS. AS.)<br>Sistema de Correcci\u00f3n Factor de Potencia.<br>GADOR S.A. \u2013 DIVISI\u00d3N FARMOQU\u00cdMICA \u2013 PARQUE IND. PILAR (PCIA. DE BS. AS.)<br>Sistema de Control Transferencia Autom\u00e1tica Red El\u00e9ctrica.<br>GADOR S.A. \u2013 DIVISI\u00d3N FARMOQU\u00cdMICA \u2013 PARQUE IND. PILAR (PCIA. DE BS. AS.)<br>Adecuaci\u00f3n instalaciones electro-instrumentales para conversi\u00f3n en instalaciones APE (a prueba de<br>explosi\u00f3n) \u00e1rea reactores.<br>GADOR S.A. \u2013 DIVISI\u00d3N FARMOQU\u00cdMICA \u2013 PARQUE IND. PILAR (PCIA. DE BS. AS.)<br>Instalaci\u00f3n el\u00e9ctrica carteles iluminaci\u00f3n predio.<br>GADOR S.A. \u2013 DIVISI\u00d3N FARMOQU\u00cdMICA \u2013 PARQUE IND. PILAR (PCIA. DE BS. AS.)<br>Revamping tableros CCM.<br>GADOR S.A. \u2013 DIVISI\u00d3N FARMOQU\u00cdMICA \u2013 PARQUE IND. PILAR (PCIA. DE BS. AS.)<br>Montaje e instalaci\u00f3n nuevo Generador. Desarrollo y ejecuci\u00f3n sistema de transferencia autom\u00e1tica.<br>GADOR S.A. \u2013 DIVISI\u00d3N FARMOQU\u00cdMICA \u2013 PARQUE IND. PILAR (PCIA. DE BS. AS.)<br>Montaje e instalaci\u00f3n nueva celdas de Media Tensi\u00f3n.<br>GADOR S.A. \u2013 PLANTA HORMONALES \u2013 PARQUE IND. PILAR (PCIA. DE BS. AS.)<br>Desarrollo de Ingenier\u00eda B\u00e1sica instalaci\u00f3n el\u00e9ctrica Planta Hormonales y Central de Pesadas<br>(incluyendo ingenier\u00eda TGBT, ducto de barras, tableros seccionales, etc.).<br>GADOR S.A. \u2013 PLANTA HORMONALES \u2013 PARQUE IND. PILAR (PCIA. DE BS. AS.)<br>Instalaci\u00f3n el\u00e9ctrica (APE) planta Spray Dryer.<br>GALER\u00cdAS PAC\u00cdFICO S.A. (CAPITAL FEDERAL)<br>Provisi\u00f3n e instalaci\u00f3n Interruptores de Baja Tensi\u00f3n. Reparaci\u00f3n Tableros Baja Tensi\u00f3n. Reparaci\u00f3n<br>Bancos Autom\u00e1ticos de Capacitores.<br>GALER\u00cdAS PAC\u00cdFICO S.A. (CAPITAL FEDERAL)<br>Trabajos mediciones Puesta a Tierra<br>GALER\u00cdAS PAC\u00cdFICO S.A. (CAPITAL FEDERAL)<br>Trabajos Termograf\u00eda Tableros Baja Tensi\u00f3n y Media Tensi\u00f3n.<br>GALER\u00cdAS PAC\u00cdFICO S.A. (CAPITAL FEDERAL)<br>Mantenimiento programado Tableros Baja Tensi\u00f3n y Media Tensi\u00f3n.<br>HOLCIM (CERRO BLANCO &#8211; ECUADOR)<br>Sistema Protecciones electr\u00f3nicas Tableros de Baja Tensi\u00f3n y Media Tensi\u00f3n.<br>HOSPITAL DE CL\u00cdNICAS DE PORTO ALEGRE (BRASIL)<br>Sistema Protecciones electr\u00f3nicas Tableros de Baja Tensi\u00f3n y Media Tensi\u00f3n S. E.<br>HOSPITAL ZUBIZARRETA (C.A.B.A.)<br>Desarrollo Ingenier\u00eda de Detalle instalaciones el\u00e9ctricas de Baja Tensi\u00f3n<br>HOSPITAL ZUBIZARRETA (C.A.B.A.)<br>Ejecuci\u00f3n Revamping Subestaci\u00f3n El\u00e9ctrica: TGBT, Celdas de MT, Bancos Autom\u00e1ticos de<br>Capacitores, etc.<br>HOTEL EMPERADOR (C.A.B.A.)<br>Mantenimientos en Baja y Media tensi\u00f3n. Estudio de selectividad y coordinaci\u00f3n de protecciones.<br>HOTEL NH CRILL\u00d3N (C.A.B.A.)<br>Servicios de Ingenier\u00eda (Relevamientos, Elaboraci\u00f3n de Ingenier\u00eda B\u00e1sica de Proyecto, y Seguimiento<br>de Obra) aplicados a las \u00e1reas de: Obra el\u00e9ctrica &#8211; Control de iluminaci\u00f3n &#8211; Detecci\u00f3n de incendio &#8211;<br>Cableado estructurado &#8211; Telefon\u00eda (IP \/ Anal\u00f3gica) &#8211; M\u00fasica funcional \u2013 CCTV &#8211; Control de Accesos.<br>HOTEL NH CRILL\u00d3N (C.A.B.A.)<br>Provisi\u00f3n Sistemas de Control de iluminaci\u00f3n habitaciones y \u00e1reas comunes.<br>HOTEL NH JOUSTEN (C.A.B.A.)<br>Servicios de Ingenier\u00eda de Seguimiento de Obra aplicados a las \u00e1reas de: Obra el\u00e9ctrica &#8211; Control de<br>iluminaci\u00f3n &#8211; Detecci\u00f3n de incendio &#8211; Cableado estructurado &#8211; Telefon\u00eda (IP \/ Anal\u00f3gica) &#8211; M\u00fasica<br>funcional \u2013 CCTV &#8211; Control de Accesos.<br>HOTEL SOFITEL ARROYO (C.A.B.A.)<br>Mediciones Puestas a Tierra, pararrayos, jabalinas; verificaci\u00f3n Interruptores Diferenciales.<br>HOTEL SOFITEL POSADAS (C.A.B.A.) (ex THE BRICK, ex CAESAR PARK)<br>Proyecto y ejecuci\u00f3n Revamping Subestaci\u00f3n El\u00e9ctrica TGBT, Estudio de Selectividad, etc.<br>HOTEL SOFITEL POSADAS (C.A.B.A.) (ex THE BRICK, ex CAESAR PARK)<br>Mantenimiento Subestaci\u00f3n El\u00e9ctrica Celdas Media Tensi\u00f3n<br>HOTEL SOFITEL POSADAS (C.A.B.A.) (ex THE BRICK, ex CAESAR PARK)<br>Instalaci\u00f3n Variador Velocidad circuito agua secundaria.<br>HOTEL SOFITEL POSADAS (C.A.B.A.) (ex THE BRICK, ex CAESAR PARK)<br>Mediciones Puestas a Tierra, pararrayos, jabalinas; verificaci\u00f3n Interruptores Diferenciales.<br>INDUSTRIAS PL\u00c1STICAS CHILAVERT S.A. (PCIA. DE BS. AS.)<br>Sistema control m\u00e1quina bobinadora<br>INVISTA (DUPONT\/DUCILO) (PCIA. DE BS. AS.)<br>Desarrollo Ingenier\u00eda de Detalle Instrumentaci\u00f3n Caldera<br>INVISTA (DUPONT\/DUCILO) (PCIA. DE BS. AS.)<br>Montaje, instalaci\u00f3n, conexionado y calibraci\u00f3n Instrumentaci\u00f3n Caldera<br>KLABIN (BRASIL)<br>Sistema Protecciones electr\u00f3nicas Tableros de Baja Tensi\u00f3n y Media Tensi\u00f3n.<br>LOMA NEGRA (PLANTA CATAMARCA &#8211; ARGENTINA)<br>Sistema Protecciones electr\u00f3nicas Tableros de Baja Tensi\u00f3n y Media Tensi\u00f3n (Molino Coke).<br>MASISA (CHILE)<br>Sistema Protecciones electr\u00f3nicas Tableros de Baja Tensi\u00f3n y Media Tensi\u00f3n.<br>MASISA (CHILE)<br>Implementaci\u00f3n SCADA variables el\u00e9ctricas de toda la planta.<br>MARSA (PER\u00da)<br>Sistema Protecciones electr\u00f3nicas Tableros de Baja Tensi\u00f3n y Media Tensi\u00f3n S. E. Las Chilcas y S. E.<br>San Andr\u00e9s.<br>MASSALIN PARTICULARES S.A. \u2013 PLANTA MERLO (MERLO &#8211; PCIA. DE BS. AS.)<br>Sistema Automatizaci\u00f3n y Supervisi\u00f3n (SCADA) Tablero Principal de Usina.<br>MASSALIN PARTICULARES S.A. \u2013 PLANTA MERLO (MERLO &#8211; PCIA. DE BS. AS.)<br>Provisi\u00f3n, montaje e instalaci\u00f3n Tablero Automatismo Control Generadores. Automatizaci\u00f3n usina 3 x<br>850 kVA \u2013 400 V. Sincronizaci\u00f3n, puesta en paralelo, control de carga.<br>MINERA ALUMBRERA (CATAMARCA &#8211; ARGENTINA)<br>Sistema Protecciones electr\u00f3nicas Tableros de Baja Tensi\u00f3n y Media Tensi\u00f3n.<br>MOLINOS R\u00cdO DE LA PLATA \u2013 CENTRO DE DISTRIB. VICTORIA (PCIA. DE BS. AS.)<br>Sistema de Control y SCADA c\u00e1maras frigor\u00edficas<br>MOLYMET (SANTIAGO &#8211; CHILE)<br>Sistema Protecciones electr\u00f3nicas Tableros de Baja Tensi\u00f3n y Media Tensi\u00f3n.<br>OSE (URUGUAY)<br>Sistema Protecciones electr\u00f3nicas Tableros de Baja Tensi\u00f3n y Media Tensi\u00f3n.<br>ORBIS MERTIG S.A. (PCIA. DE BS. AS.)<br>Sistema control m\u00e1quina dobladora de ca\u00f1os<br>ORBIS MERTIG S.A. (PCIA. DE BS. AS.)<br>Sistema control pruebas cocinas.<br>PADU &#8211; DOMLEC (DOMINICA)<br>Sistema Protecciones electr\u00f3nicas Tableros de Baja Tensi\u00f3n y Media Tensi\u00f3n.<br>Sistema de supervisi\u00f3n y control autom\u00e1tico variables el\u00e9ctricas.<br>PARMALAT S.A. \u2013 PARQUE IND. PILAR (PCIA. DE BS. AS.)<br>Trabajos reprogramaci\u00f3n Sistema de Control.<br>PARMALAT S.A. \u2013 PLANTA R\u00cdO NEGRO (PCIA. DE R\u00cdO NEGRO)<br>Sistema Automatizaci\u00f3n y Control reactor pur\u00e9 de tomate.<br>PBB-POLISUR (PTA. BAH\u00cdA BLANCA)<br>Sistema de Transferencia Tableros Media Tensi\u00f3n<br>PETROBRAS \u2013 PTA. REFAP (R\u00cdO DE JANEIRO &#8211; BRASIL)<br>Sistema Protecciones electr\u00f3nicas Tableros de Baja Tensi\u00f3n y Media Tensi\u00f3n.<br>PETROBRAS \u2013 REDUC (BRASIL)<br>Sistema Protecciones electr\u00f3nicas Tableros de Baja Tensi\u00f3n y Media Tensi\u00f3n.<br>Sistema de transferencias autom\u00e1ticas (en ejecuci\u00f3n).<br>PETROBRAS \u2013 CABIUNAS (BRASIL)<br>Sistema Protecciones electr\u00f3nicas Tableros de Baja Tensi\u00f3n y Media Tensi\u00f3n.<br>PETROQU\u00cdMICA PAULINIA (BRASIL)<br>Sistema Protecciones electr\u00f3nicas Tableros de Baja Tensi\u00f3n y Media Tensi\u00f3n.<br>Sistema de transferencias autom\u00e1ticas.<br>PETROBRAS-GENELBA \u2013 (CAMPANA \u2013 PCIA. DE BUENOS AIRES)<br>Sistema Protecciones electr\u00f3nicas Tableros de Baja Tensi\u00f3n y Media Tensi\u00f3n.<br>PIRELLI NEUM\u00c1TICOS S.A. \u2013 PLANTA MERLO<br>Provisi\u00f3n B.M.S. (con PLC Fail-safe) y SCADA Caldera N\u00b0 3.<br>PIRELLI NEUM\u00c1TICOS S.A. \u2013 PLANTA MERLO<br>Modificaci\u00f3n Sistema de Control Regulatorio Caldera N\u00b0 3.<br>PIRELLI NEUM\u00c1TICOS S.A. \u2013 PLANTA MERLO<br>Provisi\u00f3n anillo de puesta a tierra Planta Merlo. Provisi\u00f3n e instalaci\u00f3n jabalinas. Instalaci\u00f3n pararrayos.<br>PIRELLI NEUM\u00c1TICOS S.A. \u2013 PLANTA MERLO<br>Revamping cableado y sistema de control Armadora Cubiertas TR10-2.<br>PLUSPETROL (CORRIENTES &#8211; ARGENTINA)<br>Sistema Protecciones electr\u00f3nicas Tableros de Baja Tensi\u00f3n y Media Tensi\u00f3n.<br>POLPAICO (CHILE)<br>Sistema Protecciones electr\u00f3nicas Tableros de Baja Tensi\u00f3n y Media Tensi\u00f3n.<br>PROCTER &amp; GAMBLE (V. MERCEDES \u2013 SAN LUIS \u2013 ARGENTINA)<br>Sistema Protecciones electr\u00f3nicas Tableros de Baja Tensi\u00f3n y Media Tensi\u00f3n.<br>PROFERTIL (B. BLANCA \u2013 ARGENTINA)<br>Sistema Protecciones electr\u00f3nicas Tableros de Baja Tensi\u00f3n y Media Tensi\u00f3n.<br>ROSEBEL GOLDMINES (SURINAM)<br>Sistema Protecciones electr\u00f3nicas Tableros de Baja Tensi\u00f3n y Media Tensi\u00f3n.<br>SIDERCA (SAN NICOL\u00c1S &#8211; ARGENTINA)<br>Sistema Protecciones electr\u00f3nicas Tableros de Baja Tensi\u00f3n y Media Tensi\u00f3n.<br>SIDOR (VENEZUELA)<br>Sistema Protecciones electr\u00f3nicas Tableros de Baja Tensi\u00f3n y Media Tensi\u00f3n.<br>SIEMENS S.A.<br>REPSOL YPF \u2013 REFINER\u00cdA LA PLATA \u2013 PCD 3<br>Programaci\u00f3n y puesta en servicio protecciones electr\u00f3nicas de Media Tensi\u00f3n<br>TECHTEL<br>Sistema de Transferencia M\u00faltiple Tableros de Baja Tensi\u00f3n.<br>TELINTAR (ESTACI\u00d3N TERRENA DE BOSQUE ALEGRE \u2013 C\u00d3RDOBA)<br>Sistema de Transferencia M\u00faltiple Tableros de Baja Tensi\u00f3n y Sistema SCADA de Supervisi\u00f3n<br>Estaci\u00f3n.<br>TISSUE S.A. (TALAGANTE &#8211; CHILE)<br>Sistema Protecciones electr\u00f3nicas Tableros de Baja Tensi\u00f3n y Media Tensi\u00f3n.<br>VILLAGE CINES AVELLANEDA<br>Trabajos mediciones resistencias de puesta a tierra, pruebas y ensayos interruptores diferenciales y<br>mantenimiento y ensayos en centro de transformaci\u00f3n.<br>VILLAGE CINES CABALLITO<br>Trabajos mediciones resistencias de puesta a tierra, pruebas y ensayos interruptores diferenciales,<br>mantenimiento y ensayos en centro de transformaci\u00f3n, reparaci\u00f3n y ensayos BAC.<br>VILLAGE CINES PILAR<br>Trabajos mediciones resistencias de puesta a tierra y pruebas y ensayos interruptores diferenciales.<br>YPF \u2013 DESTILER\u00cdA LA PLATA<br>Sistema Control Sulfonaci\u00f3n.<br>YPF \u2013 DESTILER\u00cdA LA PLATA<br>Desarrollo interfase sistema de gesti\u00f3n Planta Lubricantes.<br>YPF \u2013 SAN LORENZO<br>Sistema de Control Planta de Gas<br>YPF S.A.<br>Automatizaci\u00f3n cargaderos camiones de La Matanza, Jun\u00edn, La Plata, Mendoza, Monte Cristo, etc.<br>YPF S.A.<br>Remotizaci\u00f3n v\u00e1lvulas de corte oleoductos y poliductos Dock Sud \u2013 Matanza y Dock Sud \u2013 La Plata.<br>YPF \u2013 DESTILER\u00cdA LA PLATA<br>Provisi\u00f3n de 12 Tableros de Protecciones para PCDII, incluyendo desarrollo ingenier\u00eda el\u00e9ctrica y<br>programaci\u00f3n de las protecciones.<br>YPF \u2013 DESTILER\u00cdA LA PLATA<br>Sistema Transferencia Autom\u00e1tica Tableros Media Tensi\u00f3n (Sub Estaci\u00f3n 45, etc.).<br>YPF \u2013 REFINER\u00cdA LUJ\u00c1N DE CUYO<br>Sistema de Transferencia M\u00faltiple y Sistema Protecciones electr\u00f3nicas Tableros de Baja Tensi\u00f3n y<br>Media Tensi\u00f3n.<br>YPF \u2013 REFINER\u00cdA LUJ\u00c1N DE CUYO<br>Sistema de Transferencia Autom\u00e1tica Tablero de Baja Tensi\u00f3n SE 192.<\/p>\n","protected":false},"excerpt":{"rendered":"<p>ABB S.A. (Valent\u00edn Alsina \u2013 Pcia. de Bs. As.)Trabajos varios: programaciones de PLC\u2019s, SCADAS, DCS\u2019s, Protecciones Electr\u00f3nicas, etc.Adecuaci\u00f3n de puestas a tierra de la planta, mediciones de puestas a tierra, estudios de calidadel\u00e9ctrica.ACEROS BRAGADO S.A. (Bragado &#8211; Pcia. de Bs. As.)Sistema de Control Bancos Autom\u00e1ticos de Capacitores Media Tensi\u00f3n y Filtros Media Tensi\u00f3n.ACINDAR (ARGENTINA)Sistema Protecciones [&hellip;]<\/p>\n","protected":false},"author":1,"featured_media":0,"parent":0,"menu_order":0,"comment_status":"closed","ping_status":"closed","template":"","meta":[],"_links":{"self":[{"href":"https:\/\/automationbb.com.ar\/wordpress\/index.php\/wp-json\/wp\/v2\/pages\/89"}],"collection":[{"href":"https:\/\/automationbb.com.ar\/wordpress\/index.php\/wp-json\/wp\/v2\/pages"}],"about":[{"href":"https:\/\/automationbb.com.ar\/wordpress\/index.php\/wp-json\/wp\/v2\/types\/page"}],"author":[{"embeddable":true,"href":"https:\/\/automationbb.com.ar\/wordpress\/index.php\/wp-json\/wp\/v2\/users\/1"}],"replies":[{"embeddable":true,"href":"https:\/\/automationbb.com.ar\/wordpress\/index.php\/wp-json\/wp\/v2\/comments?post=89"}],"version-history":[{"count":5,"href":"https:\/\/automationbb.com.ar\/wordpress\/index.php\/wp-json\/wp\/v2\/pages\/89\/revisions"}],"predecessor-version":[{"id":206,"href":"https:\/\/automationbb.com.ar\/wordpress\/index.php\/wp-json\/wp\/v2\/pages\/89\/revisions\/206"}],"wp:attachment":[{"href":"https:\/\/automationbb.com.ar\/wordpress\/index.php\/wp-json\/wp\/v2\/media?parent=89"}],"curies":[{"name":"wp","href":"https:\/\/api.w.org\/{rel}","templated":true}]}}